{"id":4510,"date":"2024-04-04T10:07:23","date_gmt":"2024-04-04T15:07:23","guid":{"rendered":"https:\/\/dev.pratoverde.bisscomm.com\/product\/citrus-solvent"},"modified":"2025-03-07T14:50:47","modified_gmt":"2025-03-07T19:50:47","slug":"citrus-solvent","status":"publish","type":"product","link":"https:\/\/prato-verde.com\/en\/produits\/citrus-solvent","title":{"rendered":"Citrus Solvent"},"content":{"rendered":"<p>Citrus Solvent, extracted from citrus peel, dissolves and dilutes most oils, resins, waxes and oil-based paints, such as Tung Oil and Linseed Oil. It dewaxes wood, cleans surfaces and tools used to apply oil finishes. Free from petroleum products, it is an eco-friendly alternative to turpentine and paint thinner.<\/p>\n","protected":false},"excerpt":{"rendered":"<p class=\"p1\">Vegetable-based solvent extracted from citrus peel<\/p>\n","protected":false},"featured_media":7678,"template":"","meta":{"_acf_changed":false},"product_brand":[],"product_cat":[201,211],"product_tag":[],"class_list":{"0":"post-4510","1":"product","2":"type-product","3":"status-publish","4":"has-post-thumbnail","6":"product_cat-general-use","7":"product_cat-preparation-en","9":"first","10":"instock","11":"shipping-taxable","12":"product-type-simple"},"acf":[],"yoast_head":"<!-- This site is optimized with the Yoast SEO plugin v26.9 - https:\/\/yoast.com\/product\/yoast-seo-wordpress\/ -->\n<title>Citrus Solvent - Vegetable-based solvent extracted from citrus peel | Prato-Verde<\/title>\n<meta name=\"description\" content=\"Citrus Solvent, extracted from citrus peel, dissolves and dilutes most oils, resins, waxes and oil-based paints, such as Tung Oil and Linseed Oil.\" \/>\n<meta name=\"robots\" content=\"index, follow, max-snippet:-1, max-image-preview:large, max-video-preview:-1\" \/>\n<link rel=\"canonical\" href=\"https:\/\/prato-verde.com\/en\/produits\/citrus-solvent\" \/>\n<meta property=\"og:locale\" content=\"en_US\" \/>\n<meta property=\"og:type\" content=\"article\" \/>\n<meta property=\"og:title\" content=\"Citrus Solvent - Vegetable-based solvent extracted from citrus peel | Prato-Verde\" \/>\n<meta property=\"og:description\" content=\"Citrus Solvent, extracted from citrus peel, dissolves and dilutes most oils, resins, waxes and oil-based paints, such as Tung Oil and Linseed Oil.\" \/>\n<meta property=\"og:url\" content=\"https:\/\/prato-verde.com\/en\/produits\/citrus-solvent\" \/>\n<meta property=\"og:site_name\" content=\"Prato-Verde\" \/>\n<meta property=\"article:publisher\" content=\"https:\/\/www.facebook.com\/huiles.pratoverde\" \/>\n<meta property=\"article:modified_time\" content=\"2025-03-07T19:50:47+00:00\" \/>\n<meta property=\"og:image\" content=\"https:\/\/prato-verde.com\/wp-content\/uploads\/2024\/04\/Solvant-agrumes_webFF.png\" \/>\n\t<meta property=\"og:image:width\" content=\"1563\" \/>\n\t<meta property=\"og:image:height\" content=\"1804\" \/>\n\t<meta property=\"og:image:type\" content=\"image\/png\" \/>\n<meta name=\"twitter:card\" content=\"summary_large_image\" \/>\n<meta name=\"twitter:label1\" content=\"Est. reading time\" \/>\n\t<meta name=\"twitter:data1\" content=\"3 minutes\" \/>\n<script type=\"application\/ld+json\" class=\"yoast-schema-graph\">{\"@context\":\"https:\/\/schema.org\",\"@graph\":[{\"@type\":\"WebPage\",\"@id\":\"https:\/\/prato-verde.com\/en\/produits\/citrus-solvent\",\"url\":\"https:\/\/prato-verde.com\/en\/produits\/citrus-solvent\",\"name\":\"Citrus Solvent - Vegetable-based solvent extracted from citrus peel | Prato-Verde\",\"isPartOf\":{\"@id\":\"https:\/\/prato-verde.com\/en#website\"},\"primaryImageOfPage\":{\"@id\":\"https:\/\/prato-verde.com\/en\/produits\/citrus-solvent#primaryimage\"},\"image\":{\"@id\":\"https:\/\/prato-verde.com\/en\/produits\/citrus-solvent#primaryimage\"},\"thumbnailUrl\":\"https:\/\/prato-verde.com\/wp-content\/uploads\/2024\/04\/Solvant-agrumes_webFF.png\",\"datePublished\":\"2024-04-04T15:07:23+00:00\",\"dateModified\":\"2025-03-07T19:50:47+00:00\",\"description\":\"Citrus Solvent, extracted from citrus peel, dissolves and dilutes most oils, resins, waxes and oil-based paints, such as Tung Oil and Linseed Oil.\",\"breadcrumb\":{\"@id\":\"https:\/\/prato-verde.com\/en\/produits\/citrus-solvent#breadcrumb\"},\"inLanguage\":\"en-US\",\"potentialAction\":[{\"@type\":\"ReadAction\",\"target\":[\"https:\/\/prato-verde.com\/en\/produits\/citrus-solvent\"]}]},{\"@type\":\"ImageObject\",\"inLanguage\":\"en-US\",\"@id\":\"https:\/\/prato-verde.com\/en\/produits\/citrus-solvent#primaryimage\",\"url\":\"https:\/\/prato-verde.com\/wp-content\/uploads\/2024\/04\/Solvant-agrumes_webFF.png\",\"contentUrl\":\"https:\/\/prato-verde.com\/wp-content\/uploads\/2024\/04\/Solvant-agrumes_webFF.png\",\"width\":1563,\"height\":1804,\"caption\":\"Solvant d\u2019agrumes Origine v\u00e9g\u00e9tale et extrait d'agrumes en Mont\u00e9r\u00e9gie et Capitale-Nationale\"},{\"@type\":\"BreadcrumbList\",\"@id\":\"https:\/\/prato-verde.com\/en\/produits\/citrus-solvent#breadcrumb\",\"itemListElement\":[{\"@type\":\"ListItem\",\"position\":1,\"name\":\"Accueil\",\"item\":\"https:\/\/prato-verde.com\/en\"},{\"@type\":\"ListItem\",\"position\":2,\"name\":\"Products\",\"item\":\"https:\/\/prato-verde.com\/en\/products\"},{\"@type\":\"ListItem\",\"position\":3,\"name\":\"Citrus Solvent\"}]},{\"@type\":\"WebSite\",\"@id\":\"https:\/\/prato-verde.com\/en#website\",\"url\":\"https:\/\/prato-verde.com\/en\",\"name\":\"Prato-Verde\",\"description\":\"Produits somptueux et performant pour le bois\",\"publisher\":{\"@id\":\"https:\/\/prato-verde.com\/en#organization\"},\"potentialAction\":[{\"@type\":\"SearchAction\",\"target\":{\"@type\":\"EntryPoint\",\"urlTemplate\":\"https:\/\/prato-verde.com\/en?s={search_term_string}\"},\"query-input\":{\"@type\":\"PropertyValueSpecification\",\"valueRequired\":true,\"valueName\":\"search_term_string\"}}],\"inLanguage\":\"en-US\"},{\"@type\":\"Organization\",\"@id\":\"https:\/\/prato-verde.com\/en#organization\",\"name\":\"Prato-Verde\",\"url\":\"https:\/\/prato-verde.com\/en\",\"logo\":{\"@type\":\"ImageObject\",\"inLanguage\":\"en-US\",\"@id\":\"https:\/\/prato-verde.com\/en#\/schema\/logo\/image\/\",\"url\":\"https:\/\/prato-verde.com\/wp-content\/uploads\/2023\/11\/logoPrato.svg\",\"contentUrl\":\"https:\/\/prato-verde.com\/wp-content\/uploads\/2023\/11\/logoPrato.svg\",\"width\":207,\"height\":74,\"caption\":\"Prato-Verde\"},\"image\":{\"@id\":\"https:\/\/prato-verde.com\/en#\/schema\/logo\/image\/\"},\"sameAs\":[\"https:\/\/www.facebook.com\/huiles.pratoverde\",\"https:\/\/www.instagram.com\/huiles_de_finition_prato_verde\/\"]}]}<\/script>\n<!-- \/ Yoast SEO plugin. -->","yoast_head_json":{"title":"Citrus Solvent - Vegetable-based solvent extracted from citrus peel | Prato-Verde","description":"Citrus Solvent, extracted from citrus peel, dissolves and dilutes most oils, resins, waxes and oil-based paints, such as Tung Oil and Linseed Oil.","robots":{"index":"index","follow":"follow","max-snippet":"max-snippet:-1","max-image-preview":"max-image-preview:large","max-video-preview":"max-video-preview:-1"},"canonical":"https:\/\/prato-verde.com\/en\/produits\/citrus-solvent","og_locale":"en_US","og_type":"article","og_title":"Citrus Solvent - Vegetable-based solvent extracted from citrus peel | Prato-Verde","og_description":"Citrus Solvent, extracted from citrus peel, dissolves and dilutes most oils, resins, waxes and oil-based paints, such as Tung Oil and Linseed Oil.","og_url":"https:\/\/prato-verde.com\/en\/produits\/citrus-solvent","og_site_name":"Prato-Verde","article_publisher":"https:\/\/www.facebook.com\/huiles.pratoverde","article_modified_time":"2025-03-07T19:50:47+00:00","og_image":[{"width":1563,"height":1804,"url":"https:\/\/prato-verde.com\/wp-content\/uploads\/2024\/04\/Solvant-agrumes_webFF.png","type":"image\/png"}],"twitter_card":"summary_large_image","twitter_misc":{"Est. reading time":"3 minutes"},"schema":{"@context":"https:\/\/schema.org","@graph":[{"@type":"WebPage","@id":"https:\/\/prato-verde.com\/en\/produits\/citrus-solvent","url":"https:\/\/prato-verde.com\/en\/produits\/citrus-solvent","name":"Citrus Solvent - Vegetable-based solvent extracted from citrus peel | Prato-Verde","isPartOf":{"@id":"https:\/\/prato-verde.com\/en#website"},"primaryImageOfPage":{"@id":"https:\/\/prato-verde.com\/en\/produits\/citrus-solvent#primaryimage"},"image":{"@id":"https:\/\/prato-verde.com\/en\/produits\/citrus-solvent#primaryimage"},"thumbnailUrl":"https:\/\/prato-verde.com\/wp-content\/uploads\/2024\/04\/Solvant-agrumes_webFF.png","datePublished":"2024-04-04T15:07:23+00:00","dateModified":"2025-03-07T19:50:47+00:00","description":"Citrus Solvent, extracted from citrus peel, dissolves and dilutes most oils, resins, waxes and oil-based paints, such as Tung Oil and Linseed Oil.","breadcrumb":{"@id":"https:\/\/prato-verde.com\/en\/produits\/citrus-solvent#breadcrumb"},"inLanguage":"en-US","potentialAction":[{"@type":"ReadAction","target":["https:\/\/prato-verde.com\/en\/produits\/citrus-solvent"]}]},{"@type":"ImageObject","inLanguage":"en-US","@id":"https:\/\/prato-verde.com\/en\/produits\/citrus-solvent#primaryimage","url":"https:\/\/prato-verde.com\/wp-content\/uploads\/2024\/04\/Solvant-agrumes_webFF.png","contentUrl":"https:\/\/prato-verde.com\/wp-content\/uploads\/2024\/04\/Solvant-agrumes_webFF.png","width":1563,"height":1804,"caption":"Solvant d\u2019agrumes Origine v\u00e9g\u00e9tale et extrait d'agrumes en Mont\u00e9r\u00e9gie et Capitale-Nationale"},{"@type":"BreadcrumbList","@id":"https:\/\/prato-verde.com\/en\/produits\/citrus-solvent#breadcrumb","itemListElement":[{"@type":"ListItem","position":1,"name":"Accueil","item":"https:\/\/prato-verde.com\/en"},{"@type":"ListItem","position":2,"name":"Products","item":"https:\/\/prato-verde.com\/en\/products"},{"@type":"ListItem","position":3,"name":"Citrus Solvent"}]},{"@type":"WebSite","@id":"https:\/\/prato-verde.com\/en#website","url":"https:\/\/prato-verde.com\/en","name":"Prato-Verde","description":"Produits somptueux et performant pour le bois","publisher":{"@id":"https:\/\/prato-verde.com\/en#organization"},"potentialAction":[{"@type":"SearchAction","target":{"@type":"EntryPoint","urlTemplate":"https:\/\/prato-verde.com\/en?s={search_term_string}"},"query-input":{"@type":"PropertyValueSpecification","valueRequired":true,"valueName":"search_term_string"}}],"inLanguage":"en-US"},{"@type":"Organization","@id":"https:\/\/prato-verde.com\/en#organization","name":"Prato-Verde","url":"https:\/\/prato-verde.com\/en","logo":{"@type":"ImageObject","inLanguage":"en-US","@id":"https:\/\/prato-verde.com\/en#\/schema\/logo\/image\/","url":"https:\/\/prato-verde.com\/wp-content\/uploads\/2023\/11\/logoPrato.svg","contentUrl":"https:\/\/prato-verde.com\/wp-content\/uploads\/2023\/11\/logoPrato.svg","width":207,"height":74,"caption":"Prato-Verde"},"image":{"@id":"https:\/\/prato-verde.com\/en#\/schema\/logo\/image\/"},"sameAs":["https:\/\/www.facebook.com\/huiles.pratoverde","https:\/\/www.instagram.com\/huiles_de_finition_prato_verde\/"]}]}},"_links":{"self":[{"href":"https:\/\/prato-verde.com\/en\/wp-json\/wp\/v2\/product\/4510","targetHints":{"allow":["GET"]}}],"collection":[{"href":"https:\/\/prato-verde.com\/en\/wp-json\/wp\/v2\/product"}],"about":[{"href":"https:\/\/prato-verde.com\/en\/wp-json\/wp\/v2\/types\/product"}],"version-history":[{"count":0,"href":"https:\/\/prato-verde.com\/en\/wp-json\/wp\/v2\/product\/4510\/revisions"}],"wp:featuredmedia":[{"embeddable":true,"href":"https:\/\/prato-verde.com\/en\/wp-json\/wp\/v2\/media\/7678"}],"wp:attachment":[{"href":"https:\/\/prato-verde.com\/en\/wp-json\/wp\/v2\/media?parent=4510"}],"wp:term":[{"taxonomy":"product_brand","embeddable":true,"href":"https:\/\/prato-verde.com\/en\/wp-json\/wp\/v2\/product_brand?post=4510"},{"taxonomy":"product_cat","embeddable":true,"href":"https:\/\/prato-verde.com\/en\/wp-json\/wp\/v2\/product_cat?post=4510"},{"taxonomy":"product_tag","embeddable":true,"href":"https:\/\/prato-verde.com\/en\/wp-json\/wp\/v2\/product_tag?post=4510"}],"curies":[{"name":"wp","href":"https:\/\/api.w.org\/{rel}","templated":true}]}}