{"id":4467,"date":"2024-04-04T09:22:16","date_gmt":"2024-04-04T14:22:16","guid":{"rendered":"https:\/\/dev.pratoverde.bisscomm.com\/product\/stain-remover"},"modified":"2025-03-07T15:42:38","modified_gmt":"2025-03-07T20:42:38","slug":"wood-stain-remover","status":"publish","type":"product","link":"https:\/\/prato-verde.com\/en\/produits\/wood-stain-remover","title":{"rendered":"Wood Stain Remover"},"content":{"rendered":"<p>Wood Stain Remover is designed for the stripping of exterior wood projects such as decks, sidings, fences and other wooden structures. Wood Stain Remover is very effective on most transparent and semi-transparent oils and stains. Wood Stain Remover is biodegradable, VOC-free and safe for vegetation.<\/p>\n","protected":false},"excerpt":{"rendered":"<p class=\"p1\">Biodegradable and safe for vegetation<\/p>\n","protected":false},"featured_media":7690,"template":"","meta":{"_acf_changed":false},"product_brand":[],"product_cat":[201,204,211],"product_tag":[],"class_list":{"0":"post-4467","1":"product","2":"type-product","3":"status-publish","4":"has-post-thumbnail","6":"product_cat-general-use","7":"product_cat-terraces-exterior-projects","8":"product_cat-preparation-en","10":"first","11":"instock","12":"shipping-taxable","13":"product-type-simple"},"acf":[],"yoast_head":"<!-- This site is optimized with the Yoast SEO plugin v26.9 - https:\/\/yoast.com\/product\/yoast-seo-wordpress\/ -->\n<title>Wood Stain Remover | Prato-Verde<\/title>\n<meta name=\"description\" content=\"Wood Stain Remover is designed for the stripping of exterior wood projects such as decks, sidings, fences and other wooden structures.\" \/>\n<meta name=\"robots\" content=\"index, follow, max-snippet:-1, max-image-preview:large, max-video-preview:-1\" \/>\n<link rel=\"canonical\" href=\"https:\/\/prato-verde.com\/en\/produits\/wood-stain-remover\" \/>\n<meta property=\"og:locale\" content=\"en_US\" \/>\n<meta property=\"og:type\" content=\"article\" \/>\n<meta property=\"og:title\" content=\"Wood Stain Remover | Prato-Verde\" \/>\n<meta property=\"og:description\" content=\"Wood Stain Remover is designed for the stripping of exterior wood projects such as decks, sidings, fences and other wooden structures.\" \/>\n<meta property=\"og:url\" content=\"https:\/\/prato-verde.com\/en\/produits\/wood-stain-remover\" \/>\n<meta property=\"og:site_name\" content=\"Prato-Verde\" \/>\n<meta property=\"article:publisher\" content=\"https:\/\/www.facebook.com\/huiles.pratoverde\" \/>\n<meta property=\"article:modified_time\" content=\"2025-03-07T20:42:38+00:00\" \/>\n<meta property=\"og:image\" content=\"https:\/\/prato-verde.com\/wp-content\/uploads\/2024\/04\/Decapant-teinture_webFF.png\" \/>\n\t<meta property=\"og:image:width\" content=\"1563\" \/>\n\t<meta property=\"og:image:height\" content=\"1804\" \/>\n\t<meta property=\"og:image:type\" content=\"image\/png\" \/>\n<meta name=\"twitter:card\" content=\"summary_large_image\" \/>\n<meta name=\"twitter:label1\" content=\"Est. reading time\" \/>\n\t<meta name=\"twitter:data1\" content=\"3 minutes\" \/>\n<script type=\"application\/ld+json\" class=\"yoast-schema-graph\">{\"@context\":\"https:\/\/schema.org\",\"@graph\":[{\"@type\":\"WebPage\",\"@id\":\"https:\/\/prato-verde.com\/en\/produits\/wood-stain-remover\",\"url\":\"https:\/\/prato-verde.com\/en\/produits\/wood-stain-remover\",\"name\":\"Wood Stain Remover | Prato-Verde\",\"isPartOf\":{\"@id\":\"https:\/\/prato-verde.com\/en#website\"},\"primaryImageOfPage\":{\"@id\":\"https:\/\/prato-verde.com\/en\/produits\/wood-stain-remover#primaryimage\"},\"image\":{\"@id\":\"https:\/\/prato-verde.com\/en\/produits\/wood-stain-remover#primaryimage\"},\"thumbnailUrl\":\"https:\/\/prato-verde.com\/wp-content\/uploads\/2024\/04\/Decapant-teinture_webFF.png\",\"datePublished\":\"2024-04-04T14:22:16+00:00\",\"dateModified\":\"2025-03-07T20:42:38+00:00\",\"description\":\"Wood Stain Remover is designed for the stripping of exterior wood projects such as decks, sidings, fences and other wooden structures.\",\"breadcrumb\":{\"@id\":\"https:\/\/prato-verde.com\/en\/produits\/wood-stain-remover#breadcrumb\"},\"inLanguage\":\"en-US\",\"potentialAction\":[{\"@type\":\"ReadAction\",\"target\":[\"https:\/\/prato-verde.com\/en\/produits\/wood-stain-remover\"]}]},{\"@type\":\"ImageObject\",\"inLanguage\":\"en-US\",\"@id\":\"https:\/\/prato-verde.com\/en\/produits\/wood-stain-remover#primaryimage\",\"url\":\"https:\/\/prato-verde.com\/wp-content\/uploads\/2024\/04\/Decapant-teinture_webFF.png\",\"contentUrl\":\"https:\/\/prato-verde.com\/wp-content\/uploads\/2024\/04\/Decapant-teinture_webFF.png\",\"width\":1563,\"height\":1804,\"caption\":\"D\u00e9capant \u00e0 teinture pour bois Biod\u00e9gradable en Abitibi-T\u00e9miscamingue et Laurentides\"},{\"@type\":\"BreadcrumbList\",\"@id\":\"https:\/\/prato-verde.com\/en\/produits\/wood-stain-remover#breadcrumb\",\"itemListElement\":[{\"@type\":\"ListItem\",\"position\":1,\"name\":\"Accueil\",\"item\":\"https:\/\/prato-verde.com\/en\"},{\"@type\":\"ListItem\",\"position\":2,\"name\":\"Products\",\"item\":\"https:\/\/prato-verde.com\/en\/products\"},{\"@type\":\"ListItem\",\"position\":3,\"name\":\"Wood Stain Remover\"}]},{\"@type\":\"WebSite\",\"@id\":\"https:\/\/prato-verde.com\/en#website\",\"url\":\"https:\/\/prato-verde.com\/en\",\"name\":\"Prato-Verde\",\"description\":\"Produits somptueux et performant pour le bois\",\"publisher\":{\"@id\":\"https:\/\/prato-verde.com\/en#organization\"},\"potentialAction\":[{\"@type\":\"SearchAction\",\"target\":{\"@type\":\"EntryPoint\",\"urlTemplate\":\"https:\/\/prato-verde.com\/en?s={search_term_string}\"},\"query-input\":{\"@type\":\"PropertyValueSpecification\",\"valueRequired\":true,\"valueName\":\"search_term_string\"}}],\"inLanguage\":\"en-US\"},{\"@type\":\"Organization\",\"@id\":\"https:\/\/prato-verde.com\/en#organization\",\"name\":\"Prato-Verde\",\"url\":\"https:\/\/prato-verde.com\/en\",\"logo\":{\"@type\":\"ImageObject\",\"inLanguage\":\"en-US\",\"@id\":\"https:\/\/prato-verde.com\/en#\/schema\/logo\/image\/\",\"url\":\"https:\/\/prato-verde.com\/wp-content\/uploads\/2023\/11\/logoPrato.svg\",\"contentUrl\":\"https:\/\/prato-verde.com\/wp-content\/uploads\/2023\/11\/logoPrato.svg\",\"width\":207,\"height\":74,\"caption\":\"Prato-Verde\"},\"image\":{\"@id\":\"https:\/\/prato-verde.com\/en#\/schema\/logo\/image\/\"},\"sameAs\":[\"https:\/\/www.facebook.com\/huiles.pratoverde\",\"https:\/\/www.instagram.com\/huiles_de_finition_prato_verde\/\"]}]}<\/script>\n<!-- \/ Yoast SEO plugin. -->","yoast_head_json":{"title":"Wood Stain Remover | Prato-Verde","description":"Wood Stain Remover is designed for the stripping of exterior wood projects such as decks, sidings, fences and other wooden structures.","robots":{"index":"index","follow":"follow","max-snippet":"max-snippet:-1","max-image-preview":"max-image-preview:large","max-video-preview":"max-video-preview:-1"},"canonical":"https:\/\/prato-verde.com\/en\/produits\/wood-stain-remover","og_locale":"en_US","og_type":"article","og_title":"Wood Stain Remover | Prato-Verde","og_description":"Wood Stain Remover is designed for the stripping of exterior wood projects such as decks, sidings, fences and other wooden structures.","og_url":"https:\/\/prato-verde.com\/en\/produits\/wood-stain-remover","og_site_name":"Prato-Verde","article_publisher":"https:\/\/www.facebook.com\/huiles.pratoverde","article_modified_time":"2025-03-07T20:42:38+00:00","og_image":[{"width":1563,"height":1804,"url":"https:\/\/prato-verde.com\/wp-content\/uploads\/2024\/04\/Decapant-teinture_webFF.png","type":"image\/png"}],"twitter_card":"summary_large_image","twitter_misc":{"Est. reading time":"3 minutes"},"schema":{"@context":"https:\/\/schema.org","@graph":[{"@type":"WebPage","@id":"https:\/\/prato-verde.com\/en\/produits\/wood-stain-remover","url":"https:\/\/prato-verde.com\/en\/produits\/wood-stain-remover","name":"Wood Stain Remover | Prato-Verde","isPartOf":{"@id":"https:\/\/prato-verde.com\/en#website"},"primaryImageOfPage":{"@id":"https:\/\/prato-verde.com\/en\/produits\/wood-stain-remover#primaryimage"},"image":{"@id":"https:\/\/prato-verde.com\/en\/produits\/wood-stain-remover#primaryimage"},"thumbnailUrl":"https:\/\/prato-verde.com\/wp-content\/uploads\/2024\/04\/Decapant-teinture_webFF.png","datePublished":"2024-04-04T14:22:16+00:00","dateModified":"2025-03-07T20:42:38+00:00","description":"Wood Stain Remover is designed for the stripping of exterior wood projects such as decks, sidings, fences and other wooden structures.","breadcrumb":{"@id":"https:\/\/prato-verde.com\/en\/produits\/wood-stain-remover#breadcrumb"},"inLanguage":"en-US","potentialAction":[{"@type":"ReadAction","target":["https:\/\/prato-verde.com\/en\/produits\/wood-stain-remover"]}]},{"@type":"ImageObject","inLanguage":"en-US","@id":"https:\/\/prato-verde.com\/en\/produits\/wood-stain-remover#primaryimage","url":"https:\/\/prato-verde.com\/wp-content\/uploads\/2024\/04\/Decapant-teinture_webFF.png","contentUrl":"https:\/\/prato-verde.com\/wp-content\/uploads\/2024\/04\/Decapant-teinture_webFF.png","width":1563,"height":1804,"caption":"D\u00e9capant \u00e0 teinture pour bois Biod\u00e9gradable en Abitibi-T\u00e9miscamingue et Laurentides"},{"@type":"BreadcrumbList","@id":"https:\/\/prato-verde.com\/en\/produits\/wood-stain-remover#breadcrumb","itemListElement":[{"@type":"ListItem","position":1,"name":"Accueil","item":"https:\/\/prato-verde.com\/en"},{"@type":"ListItem","position":2,"name":"Products","item":"https:\/\/prato-verde.com\/en\/products"},{"@type":"ListItem","position":3,"name":"Wood Stain Remover"}]},{"@type":"WebSite","@id":"https:\/\/prato-verde.com\/en#website","url":"https:\/\/prato-verde.com\/en","name":"Prato-Verde","description":"Produits somptueux et performant pour le bois","publisher":{"@id":"https:\/\/prato-verde.com\/en#organization"},"potentialAction":[{"@type":"SearchAction","target":{"@type":"EntryPoint","urlTemplate":"https:\/\/prato-verde.com\/en?s={search_term_string}"},"query-input":{"@type":"PropertyValueSpecification","valueRequired":true,"valueName":"search_term_string"}}],"inLanguage":"en-US"},{"@type":"Organization","@id":"https:\/\/prato-verde.com\/en#organization","name":"Prato-Verde","url":"https:\/\/prato-verde.com\/en","logo":{"@type":"ImageObject","inLanguage":"en-US","@id":"https:\/\/prato-verde.com\/en#\/schema\/logo\/image\/","url":"https:\/\/prato-verde.com\/wp-content\/uploads\/2023\/11\/logoPrato.svg","contentUrl":"https:\/\/prato-verde.com\/wp-content\/uploads\/2023\/11\/logoPrato.svg","width":207,"height":74,"caption":"Prato-Verde"},"image":{"@id":"https:\/\/prato-verde.com\/en#\/schema\/logo\/image\/"},"sameAs":["https:\/\/www.facebook.com\/huiles.pratoverde","https:\/\/www.instagram.com\/huiles_de_finition_prato_verde\/"]}]}},"_links":{"self":[{"href":"https:\/\/prato-verde.com\/en\/wp-json\/wp\/v2\/product\/4467","targetHints":{"allow":["GET"]}}],"collection":[{"href":"https:\/\/prato-verde.com\/en\/wp-json\/wp\/v2\/product"}],"about":[{"href":"https:\/\/prato-verde.com\/en\/wp-json\/wp\/v2\/types\/product"}],"version-history":[{"count":0,"href":"https:\/\/prato-verde.com\/en\/wp-json\/wp\/v2\/product\/4467\/revisions"}],"wp:featuredmedia":[{"embeddable":true,"href":"https:\/\/prato-verde.com\/en\/wp-json\/wp\/v2\/media\/7690"}],"wp:attachment":[{"href":"https:\/\/prato-verde.com\/en\/wp-json\/wp\/v2\/media?parent=4467"}],"wp:term":[{"taxonomy":"product_brand","embeddable":true,"href":"https:\/\/prato-verde.com\/en\/wp-json\/wp\/v2\/product_brand?post=4467"},{"taxonomy":"product_cat","embeddable":true,"href":"https:\/\/prato-verde.com\/en\/wp-json\/wp\/v2\/product_cat?post=4467"},{"taxonomy":"product_tag","embeddable":true,"href":"https:\/\/prato-verde.com\/en\/wp-json\/wp\/v2\/product_tag?post=4467"}],"curies":[{"name":"wp","href":"https:\/\/api.w.org\/{rel}","templated":true}]}}